{"id":125,"date":"2015-04-25T09:40:45","date_gmt":"2015-04-25T09:40:45","guid":{"rendered":"http:\/\/atelier.swiftideas.com\/selby-demo\/?page_id=4"},"modified":"2022-02-14T11:25:50","modified_gmt":"2022-02-14T17:25:50","slug":"home","status":"publish","type":"page","link":"https:\/\/sebastiandietsch.com\/","title":{"rendered":"Home"},"content":{"rendered":"[spb_row element_name=&#8221;Row&#8221; wrap_type=&#8221;full-width-contained&#8221; row_bg_type=&#8221;color&#8221; row_bg_color=&#8221;#000000&#8243; color_row_height=&#8221;content-height&#8221; bg_type=&#8221;cover&#8221; parallax_image_height=&#8221;content-height&#8221; parallax_image_movement=&#8221;fixed&#8221; parallax_image_speed=&#8221;standard&#8221; bg_video_mp4=&#8221;http:\/\/vaso.wwwaz1-lr4.supercp.com\/wp-content\/uploads\/2020\/01\/WhatsApp-Video-2020-01-21-at-12.01.47.mp4&#8243; bg_video_loop=&#8221;yes&#8221; parallax_video_height=&#8221;window-height&#8221; row_top_style=&#8221;none&#8221; row_bottom_style=&#8221;none&#8221; parallax_video_overlay=&#8221;none&#8221; row_overlay_opacity=&#8221;0&#8243; remove_element_spacing=&#8221;no&#8221; row_col_spacing=&#8221;0&#8243; row_col_pos=&#8221;default&#8221; row_col_equal_heights=&#8221;no&#8221; row_expanding=&#8221;no&#8221; row_animation=&#8221;none&#8221; row_animation_delay=&#8221;0&#8243; minimize_row=&#8221;no&#8221; simplified_controls=&#8221;yes&#8221; custom_css_percentage=&#8221;no&#8221; custom_css=&#8221;margin-top: 0px;margin-bottom: 0px;&#8221; border_styling_global=&#8221;default&#8221; width=&#8221;1\/1&#8243; el_position=&#8221;first last&#8221;] [spb_video link=&#8221;https:\/\/vimeo.com\/448651194&#8243; remove_related=&#8221;yes&#8221; autoplay=&#8221;yes&#8221; full_width=&#8221;yes&#8221; width=&#8221;1\/1&#8243; el_position=&#8221;first last&#8221;] [spb_raw_html width=&#8221;1\/1&#8243; el_position=&#8221;first last&#8221;]JTNDc2NyaXB0JTNFJTBBdmFyJTIwX2lmcmFtZSUyMCUzRCUyMGRvY3VtZW50LmdldEVsZW1lbnRzQnlUYWdOYW1lJTI4JTI3aWZyYW1lJTI3JTI5JTNCJTBBX2lmcmFtZSU1QjAlNUQub25sb2FkJTIwJTNEJTIwX2lmcmFtZSU1QjAlNUQuc3JjJTIwJTNEJTIwX2lmcmFtZSU1QjAlNUQuc3JjJTIwJTJCJTIwJTI3JTI2bXV0ZWQlM0QxJTI2bG9vcCUzRDElMjZwbGF5c2lubGluZSUzRDElMjclM0IlMEElM0MlMkZzY3JpcHQlM0UlMEE=[\/spb_raw_html] [\/spb_row] [spb_row element_name=&#8221;nosotros&#8221; wrap_type=&#8221;full-width-contained&#8221; row_bg_type=&#8221;color&#8221; row_bg_color=&#8221;#ffffff&#8221; color_row_height=&#8221;content-height&#8221; bg_type=&#8221;cover&#8221; parallax_image_height=&#8221;window-height&#8221; parallax_image_movement=&#8221;fixed&#8221; parallax_image_speed=&#8221;standard&#8221; bg_video_loop=&#8221;yes&#8221; parallax_video_height=&#8221;window-height&#8221; row_responsive_vis=&#8221;hidden-xs&#8221; row_id=&#8221;nosotros&#8221; row_name=&#8221;nosotros&#8221; row_top_style=&#8221;none&#8221; row_bottom_style=&#8221;none&#8221; parallax_video_overlay=&#8221;none&#8221; row_overlay_opacity=&#8221;0&#8243; remove_element_spacing=&#8221;no&#8221; row_col_spacing=&#8221;0&#8243; row_col_pos=&#8221;default&#8221; row_col_equal_heights=&#8221;no&#8221; row_expanding=&#8221;no&#8221; row_animation=&#8221;none&#8221; row_animation_delay=&#8221;0&#8243; minimize_row=&#8221;no&#8221; simplified_controls=&#8221;yes&#8221; custom_css_percentage=&#8221;yes&#8221; custom_css=&#8221;margin-top: 0%;margin-bottom: 0%;&#8221; border_styling_global=&#8221;default&#8221; el_class=&#8221;no-shadow&#8221; width=&#8221;1\/1&#8243; el_position=&#8221;first last&#8221;] [spb_blank_spacer height=&#8221;30px&#8221; responsive_vis=&#8221;hidden-xs_hidden-sm&#8221; width=&#8221;1\/6&#8243; el_position=&#8221;first last&#8221;] [spb_text_block animation=&#8221;slideInUp&#8221; animation_delay=&#8221;0&#8243; simplified_controls=&#8221;yes&#8221; custom_css_percentage=&#8221;no&#8221; padding_vertical=&#8221;0&#8243; padding_horizontal=&#8221;105&#8243; margin_vertical=&#8221;0&#8243; custom_css=&#8221;margin-top: 0px;margin-bottom: 0px;padding-left: 105px;padding-right: 105px;&#8221; border_size=&#8221;0&#8243; border_styling_global=&#8221;default&#8221; width=&#8221;1\/1&#8243; el_position=&#8221;first last&#8221;]\n<h1 style=\"text-align: center;\"><span style=\"font-weight: 400;\">Sebasti\u00e1n Dietsch es Director de Cine, Director de Fotograf\u00eda,<br \/>\nRealizador integral de televisi\u00f3n y Guionista.<\/span><\/h1>\n[\/spb_text_block] [spb_button button_text=&#8221;BIO&#8221; button_size=&#8221;standard&#8221; button_colour=&#8221;accent&#8221; button_type=&#8221;standard&#8221; rounded=&#8221;no&#8221; button_dropshadow=&#8221;no&#8221; button_icon=&#8221;fa-bullhorn&#8221; button_link=&#8221;https:\/\/sebastiandietsch.com\/index.php\/bio\/&#8221; button_target=&#8221;_self&#8221; align=&#8221;center&#8221; animation=&#8221;swing&#8221; animation_delay=&#8221;3000&#8243; width=&#8221;1\/1&#8243; el_position=&#8221;first last&#8221;] [spb_blank_spacer height=&#8221;30px&#8221; width=&#8221;1\/1&#8243; el_position=&#8221;first last&#8221;] [\/spb_row] [spb_row element_name=&#8221;nosotros&#8221; wrap_type=&#8221;full-width-contained&#8221; row_bg_type=&#8221;color&#8221; row_bg_color=&#8221;#ffffff&#8221; color_row_height=&#8221;content-height&#8221; bg_type=&#8221;cover&#8221; parallax_image_height=&#8221;window-height&#8221; parallax_image_movement=&#8221;fixed&#8221; parallax_image_speed=&#8221;standard&#8221; bg_video_loop=&#8221;yes&#8221; parallax_video_height=&#8221;window-height&#8221; row_responsive_vis=&#8221;hidden-lg_hidden-md_hidden-sm&#8221; row_id=&#8221;nosotros&#8221; row_name=&#8221;nosotros&#8221; row_top_style=&#8221;none&#8221; row_bottom_style=&#8221;none&#8221; parallax_video_overlay=&#8221;none&#8221; row_overlay_opacity=&#8221;0&#8243; remove_element_spacing=&#8221;no&#8221; row_col_spacing=&#8221;0&#8243; row_col_pos=&#8221;default&#8221; row_col_equal_heights=&#8221;no&#8221; row_expanding=&#8221;no&#8221; row_animation=&#8221;none&#8221; row_animation_delay=&#8221;0&#8243; minimize_row=&#8221;no&#8221; simplified_controls=&#8221;yes&#8221; custom_css_percentage=&#8221;yes&#8221; custom_css=&#8221;margin-top: 0%;margin-bottom: 0%;&#8221; border_styling_global=&#8221;default&#8221; el_class=&#8221;no-shadow&#8221; width=&#8221;1\/1&#8243; el_position=&#8221;first last&#8221;] [spb_blank_spacer height=&#8221;30px&#8221; responsive_vis=&#8221;hidden-xs_hidden-sm&#8221; width=&#8221;1\/6&#8243; el_position=&#8221;first last&#8221;] [spb_text_block animation=&#8221;slideInUp&#8221; animation_delay=&#8221;0&#8243; simplified_controls=&#8221;yes&#8221; custom_css_percentage=&#8221;no&#8221; padding_vertical=&#8221;0&#8243; padding_horizontal=&#8221;0&#8243; margin_vertical=&#8221;0&#8243; custom_css=&#8221;margin-top: 0px;margin-bottom: 0px;&#8221; border_size=&#8221;0&#8243; border_styling_global=&#8221;default&#8221; width=&#8221;1\/1&#8243; el_position=&#8221;first last&#8221;]\n<h1 style=\"text-align: center;\"><span style=\"font-weight: 400;\">Sebasti\u00e1n Dietsch es Director de Cine, Director de Fotograf\u00eda, Realizador integral de televisi\u00f3n y Guionista.<\/span><\/h1>\n[\/spb_text_block] [spb_button button_text=&#8221;BIO&#8221; button_size=&#8221;standard&#8221; button_colour=&#8221;accent&#8221; button_type=&#8221;standard&#8221; rounded=&#8221;no&#8221; button_dropshadow=&#8221;no&#8221; button_icon=&#8221;fa-bullhorn&#8221; button_link=&#8221;https:\/\/sebastiandietsch.com\/index.php\/bio\/&#8221; button_target=&#8221;_self&#8221; align=&#8221;center&#8221; animation=&#8221;swing&#8221; animation_delay=&#8221;3000&#8243; width=&#8221;1\/1&#8243; el_position=&#8221;first last&#8221;] [spb_button button_text=&#8221;DF&#8221; button_size=&#8221;standard&#8221; button_colour=&#8221;accent&#8221; button_type=&#8221;standard&#8221; rounded=&#8221;no&#8221; button_dropshadow=&#8221;no&#8221; button_icon=&#8221;fa-bullhorn&#8221; button_link=&#8221;https:\/\/sebastiandietsch.com\/index.php\/director-de-fotografia\/&#8221; button_target=&#8221;_self&#8221; align=&#8221;center&#8221; animation=&#8221;swing&#8221; animation_delay=&#8221;3000&#8243; width=&#8221;1\/1&#8243; el_position=&#8221;first last&#8221;] [spb_blank_spacer height=&#8221;30px&#8221; width=&#8221;1\/1&#8243; el_position=&#8221;first last&#8221;] [\/spb_row]\n","protected":false},"excerpt":{"rendered":"<p>[spb_row element_name=&#8221;Row&#8221; wrap_type=&#8221;full-width-contained&#8221; row_bg_type=&#8221;color&#8221; row_bg_color=&#8221;#000000&#8243; color_row_height=&#8221;content-height&#8221; bg_type=&#8221;cover&#8221; parallax_image_height=&#8221;content-height&#8221; parallax_image_movement=&#8221;fixed&#8221; parallax_image_speed=&#8221;standard&#8221; bg_video_mp4=&#8221;http:\/\/vaso.wwwaz1-lr4.supercp.com\/wp-content\/uploads\/2020\/01\/WhatsApp-Video-2020-01-21-at-12.01.47.mp4&#8243; bg_video_loop=&#8221;yes&#8221; parallax_video_height=&#8221;window-height&#8221; row_top_style=&#8221;none&#8221; row_bottom_style=&#8221;none&#8221; parallax_video_overlay=&#8221;none&#8221; row_overlay_opacity=&#8221;0&#8243; remove_element_spacing=&#8221;no&#8221; row_col_spacing=&#8221;0&#8243; row_col_pos=&#8221;default&#8221; row_col_equal_heights=&#8221;no&#8221; row_expanding=&#8221;no&#8221; row_animation=&#8221;none&#8221; row_animation_delay=&#8221;0&#8243; minimize_row=&#8221;no&#8221; simplified_controls=&#8221;yes&#8221; custom_css_percentage=&#8221;no&#8221; custom_css=&#8221;margin-top: 0px;margin-bottom: 0px;&#8221; border_styling_global=&#8221;default&#8221; width=&#8221;1\/1&#8243; el_position=&#8221;first last&#8221;] [spb_video link=&#8221;https:\/\/vimeo.com\/448651194&#8243; remove_related=&#8221;yes&#8221; autoplay=&#8221;yes&#8221; full_width=&#8221;yes&#8221; width=&#8221;1\/1&#8243; el_position=&#8221;first last&#8221;] [spb_raw_html width=&#8221;1\/1&#8243; el_position=&#8221;first last&#8221;]JTNDc2NyaXB0JTNFJTBBdmFyJTIwX2lmcmFtZSUyMCUzRCUyMGRvY3VtZW50LmdldEVsZW1lbnRzQnlUYWdOYW1lJTI4JTI3aWZyYW1lJTI3JTI5JTNCJTBBX2lmcmFtZSU1QjAlNUQub25sb2FkJTIwJTNEJTIwX2lmcmFtZSU1QjAlNUQuc3JjJTIwJTNEJTIwX2lmcmFtZSU1QjAlNUQuc3JjJTIwJTJCJTIwJTI3JTI2bXV0ZWQlM0QxJTI2bG9vcCUzRDElMjZwbGF5c2lubGluZSUzRDElMjclM0IlMEElM0MlMkZzY3JpcHQlM0UlMEE=[\/spb_raw_html] [\/spb_row] [spb_row element_name=&#8221;nosotros&#8221; wrap_type=&#8221;full-width-contained&#8221; row_bg_type=&#8221;color&#8221; row_bg_color=&#8221;#ffffff&#8221; color_row_height=&#8221;content-height&#8221; bg_type=&#8221;cover&#8221; parallax_image_height=&#8221;window-height&#8221; parallax_image_movement=&#8221;fixed&#8221; parallax_image_speed=&#8221;standard&#8221; bg_video_loop=&#8221;yes&#8221; parallax_video_height=&#8221;window-height&#8221; row_responsive_vis=&#8221;hidden-xs&#8221; [&hellip;]<\/p>\n","protected":false},"author":1,"featured_media":0,"parent":0,"menu_order":0,"comment_status":"closed","ping_status":"closed","template":"","meta":{"footnotes":""},"class_list":["post-125","page","type-page","status-publish","hentry"],"_links":{"self":[{"href":"https:\/\/sebastiandietsch.com\/index.php\/wp-json\/wp\/v2\/pages\/125","targetHints":{"allow":["GET"]}}],"collection":[{"href":"https:\/\/sebastiandietsch.com\/index.php\/wp-json\/wp\/v2\/pages"}],"about":[{"href":"https:\/\/sebastiandietsch.com\/index.php\/wp-json\/wp\/v2\/types\/page"}],"author":[{"embeddable":true,"href":"https:\/\/sebastiandietsch.com\/index.php\/wp-json\/wp\/v2\/users\/1"}],"replies":[{"embeddable":true,"href":"https:\/\/sebastiandietsch.com\/index.php\/wp-json\/wp\/v2\/comments?post=125"}],"version-history":[{"count":239,"href":"https:\/\/sebastiandietsch.com\/index.php\/wp-json\/wp\/v2\/pages\/125\/revisions"}],"predecessor-version":[{"id":16616,"href":"https:\/\/sebastiandietsch.com\/index.php\/wp-json\/wp\/v2\/pages\/125\/revisions\/16616"}],"wp:attachment":[{"href":"https:\/\/sebastiandietsch.com\/index.php\/wp-json\/wp\/v2\/media?parent=125"}],"curies":[{"name":"wp","href":"https:\/\/api.w.org\/{rel}","templated":true}]}}